{"id":10045,"date":"2026-04-09T15:56:24","date_gmt":"2026-04-09T15:56:24","guid":{"rendered":"https:\/\/humanoid.guide\/product\/operateur-genie-2\/"},"modified":"2026-04-09T19:29:54","modified_gmt":"2026-04-09T19:29:54","slug":"operateur-genie-2","status":"publish","type":"product","link":"https:\/\/humanoid.guide\/fr\/produit\/operateur-genie-2\/","title":{"rendered":"Op\u00e9rateur Genie-2"},"content":{"rendered":"<p class=\"p1\">AgiBot GO-2 se concentre sur la connexion entre le raisonnement de haut niveau et l&rsquo;ex\u00e9cution dans le monde r\u00e9el. Elle ne se contente pas de planifier des actions, elle veille \u00e0 ce que ces actions fonctionnent de mani\u00e8re fiable dans des environnements dynamiques. Il comble ainsi le foss\u00e9 entre la \u00ab\u00a0pens\u00e9e\u00a0\u00bb et l'\u00a0\u00bbaction\u00a0\u00bb dans le domaine de la robotique. Il introduit une approche de la cha\u00eene de pens\u00e9e, qui aide le syst\u00e8me \u00e0 diviser les t\u00e2ches en \u00e9tapes claires et ex\u00e9cutables. Les robots peuvent donc prendre en charge des activit\u00e9s plus complexes et plus structur\u00e9es.<\/p>\n<p class=\"p1\">En outre, AgiBot GO-2 met l&rsquo;accent sur la stabilit\u00e9 pendant l&rsquo;ex\u00e9cution, et pas seulement sur l&rsquo;intelligence. Il utilise un syst\u00e8me double asynchrone pour s\u00e9parer le raisonnement du contr\u00f4le. Il peut donc s&rsquo;adapter rapidement tout en conservant un comportement fluide et s\u00fbr. En outre, le mod\u00e8le prend en charge de longues s\u00e9quences d&rsquo;actions sans perdre le contexte. Il convient donc aux sc\u00e9narios r\u00e9els dans lesquels les t\u00e2ches sont rarement ex\u00e9cut\u00e9es dans des conditions parfaites.<\/p>\n<p>Contact  <a href=\"https:\/\/humanoid.guide\/contact-us\/\">Humanoid.guide<\/a><\/p>\n<p>Site web <a href=\"https:\/\/www.agibot.com\/article\/231\/detail\/56.html\" target=\"_blank\" rel=\"noopener\">: https:\/\/www.agibot.com\/article\/231\/detail\/56.html<\/a><\/p>\n<div class=\"video-container\"><iframe src=\"https:\/\/www.youtube.com\/embed\/3RBShRfGINI?si=9SWyN6UDlgdSRDrg\" frameborder=\"0\" allowfullscreen=\"allowfullscreen\"><span data-mce-type=\"bookmark\" style=\"display: inline-block; width: 0px; overflow: hidden; line-height: 0;\" class=\"mce_SELRES_start\"><\/span><br \/>\n<\/iframe><\/div>\n<p>&nbsp;<\/p>\n","protected":false},"excerpt":{"rendered":"<p><img loading=\"lazy\" decoding=\"async\" class=\"alignnone wp-image-2427 size-full\" src=\"https:\/\/humanoid.guide\/wp-content\/uploads\/2026\/03\/AgiBot-logo-humanoid-guide.webp\" alt=\"Logo AgiBot guide humano\u00efde\" width=\"300\" height=\"90\"><\/p>\n<p class=\"p1\">GO-2 est un mod\u00e8le de base d&rsquo;IA incarn\u00e9e qui combine le raisonnement par l&rsquo;action avec une ex\u00e9cution stable dans le monde r\u00e9el.<\/p>\n","protected":false},"author":18,"featured_media":10049,"template":"","meta":{"_acf_changed":false,"_kad_blocks_custom_css":"","_kad_blocks_head_custom_js":"","_kad_blocks_body_custom_js":"","_kad_blocks_footer_custom_js":"","_kad_post_transparent":"","_kad_post_title":"","_kad_post_layout":"","_kad_post_sidebar_id":"","_kad_post_content_style":"","_kad_post_vertical_padding":"","_kad_post_feature":"","_kad_post_feature_position":"","_kad_post_header":false,"_kad_post_footer":false,"_kad_post_classname":""},"product_brand":[],"product_cat":[2576],"product_tag":[],"class_list":{"0":"post-10045","1":"product","2":"type-product","3":"status-publish","4":"has-post-thumbnail","6":"product_cat-cerveaux","8":"first","9":"onbackorder","10":"taxable","11":"shipping-taxable","12":"purchasable","13":"product-type-simple","14":"entry","15":"content-bg","16":"loop-entry"},"acf":[],"yoast_head":"<!-- This site is optimized with the Yoast SEO plugin v27.3 - https:\/\/yoast.com\/product\/yoast-seo-wordpress\/ -->\n<title>GO-2 (Genie Operator-2) - Vue d&#039;ensemble du mod\u00e8le d&#039;IA incarn\u00e9e - Humanoid.guide.<\/title>\n<meta name=\"description\" content=\"Explorez GO-2, un mod\u00e8le de base d&#039;IA incarn\u00e9e combinant le raisonnement par l&#039;action et l&#039;ex\u00e9cution dans le monde r\u00e9el avec une intelligence et une stabilit\u00e9 robotiques avanc\u00e9es.\" \/>\n<meta name=\"robots\" content=\"index, follow, max-snippet:-1, max-image-preview:large, max-video-preview:-1\" \/>\n<link rel=\"canonical\" href=\"https:\/\/humanoid.guide\/fr\/produit\/operateur-genie-2\/\" \/>\n<meta property=\"og:locale\" content=\"fr_FR\" \/>\n<meta property=\"og:type\" content=\"article\" \/>\n<meta property=\"og:title\" content=\"GO-2 (Genie Operator-2) - Vue d&#039;ensemble du mod\u00e8le d&#039;IA incarn\u00e9e - Humanoid.guide.\" \/>\n<meta property=\"og:description\" content=\"Explorez GO-2, un mod\u00e8le de base d&#039;IA incarn\u00e9e combinant le raisonnement par l&#039;action et l&#039;ex\u00e9cution dans le monde r\u00e9el avec une intelligence et une stabilit\u00e9 robotiques avanc\u00e9es.\" \/>\n<meta property=\"og:url\" content=\"https:\/\/humanoid.guide\/fr\/produit\/operateur-genie-2\/\" \/>\n<meta property=\"og:site_name\" content=\"Humanoid.guide\" \/>\n<meta property=\"article:modified_time\" content=\"2026-04-09T19:29:54+00:00\" \/>\n<meta property=\"og:image\" content=\"https:\/\/humanoid.guide\/wp-content\/uploads\/2026\/04\/AgiBot-GO-2-Genie-Operator-2-Foundation-Model-Humanoid-Guide.webp\" \/>\n\t<meta property=\"og:image:width\" content=\"1500\" \/>\n\t<meta property=\"og:image:height\" content=\"1500\" \/>\n\t<meta property=\"og:image:type\" content=\"image\/webp\" \/>\n<meta name=\"twitter:card\" content=\"summary_large_image\" \/>\n<meta name=\"twitter:site\" content=\"@Humanoidguide\" \/>\n<meta name=\"twitter:label1\" content=\"Dur\u00e9e de lecture estim\u00e9e\" \/>\n\t<meta name=\"twitter:data1\" content=\"1 minute\" \/>\n<script type=\"application\/ld+json\" class=\"yoast-schema-graph\">{\"@context\":\"https:\\\/\\\/schema.org\",\"@graph\":[{\"@type\":\"WebPage\",\"@id\":\"https:\\\/\\\/humanoid.guide\\\/fr\\\/produit\\\/operateur-genie-2\\\/\",\"url\":\"https:\\\/\\\/humanoid.guide\\\/fr\\\/produit\\\/operateur-genie-2\\\/\",\"name\":\"GO-2 (Genie Operator-2) - Vue d'ensemble du mod\u00e8le d'IA incarn\u00e9e - Humanoid.guide.\",\"isPartOf\":{\"@id\":\"https:\\\/\\\/humanoid.guide\\\/fr\\\/#website\"},\"primaryImageOfPage\":{\"@id\":\"https:\\\/\\\/humanoid.guide\\\/fr\\\/produit\\\/operateur-genie-2\\\/#primaryimage\"},\"image\":{\"@id\":\"https:\\\/\\\/humanoid.guide\\\/fr\\\/produit\\\/operateur-genie-2\\\/#primaryimage\"},\"thumbnailUrl\":\"https:\\\/\\\/humanoid.guide\\\/wp-content\\\/uploads\\\/2026\\\/04\\\/AgiBot-GO-2-Genie-Operator-2-Foundation-Model-Humanoid-Guide.webp\",\"datePublished\":\"2026-04-09T15:56:24+00:00\",\"dateModified\":\"2026-04-09T19:29:54+00:00\",\"description\":\"Explorez GO-2, un mod\u00e8le de base d'IA incarn\u00e9e combinant le raisonnement par l'action et l'ex\u00e9cution dans le monde r\u00e9el avec une intelligence et une stabilit\u00e9 robotiques avanc\u00e9es.\",\"breadcrumb\":{\"@id\":\"https:\\\/\\\/humanoid.guide\\\/fr\\\/produit\\\/operateur-genie-2\\\/#breadcrumb\"},\"inLanguage\":\"fr-FR\",\"potentialAction\":[{\"@type\":\"ReadAction\",\"target\":[\"https:\\\/\\\/humanoid.guide\\\/fr\\\/produit\\\/operateur-genie-2\\\/\"]}]},{\"@type\":\"ImageObject\",\"inLanguage\":\"fr-FR\",\"@id\":\"https:\\\/\\\/humanoid.guide\\\/fr\\\/produit\\\/operateur-genie-2\\\/#primaryimage\",\"url\":\"https:\\\/\\\/humanoid.guide\\\/wp-content\\\/uploads\\\/2026\\\/04\\\/AgiBot-GO-2-Genie-Operator-2-Foundation-Model-Humanoid-Guide.webp\",\"contentUrl\":\"https:\\\/\\\/humanoid.guide\\\/wp-content\\\/uploads\\\/2026\\\/04\\\/AgiBot-GO-2-Genie-Operator-2-Foundation-Model-Humanoid-Guide.webp\",\"width\":1500,\"height\":1500,\"caption\":\"AgiBot GO-2 (Genie Operator-2) Foundation Model - Humanoid Guide\"},{\"@type\":\"BreadcrumbList\",\"@id\":\"https:\\\/\\\/humanoid.guide\\\/fr\\\/produit\\\/operateur-genie-2\\\/#breadcrumb\",\"itemListElement\":[{\"@type\":\"ListItem\",\"position\":1,\"name\":\"Home\",\"item\":\"https:\\\/\\\/humanoid.guide\\\/fr\\\/\"},{\"@type\":\"ListItem\",\"position\":2,\"name\":\"Boutique\",\"item\":\"https:\\\/\\\/humanoid.guide\\\/fr\\\/boutique\\\/\"},{\"@type\":\"ListItem\",\"position\":3,\"name\":\"Op\u00e9rateur Genie-2\"}]},{\"@type\":\"WebSite\",\"@id\":\"https:\\\/\\\/humanoid.guide\\\/fr\\\/#website\",\"url\":\"https:\\\/\\\/humanoid.guide\\\/fr\\\/\",\"name\":\"Humanoid.guide\",\"description\":\"The ultimate resource for humanoid robotics\",\"publisher\":{\"@id\":\"https:\\\/\\\/humanoid.guide\\\/fr\\\/#organization\"},\"potentialAction\":[{\"@type\":\"SearchAction\",\"target\":{\"@type\":\"EntryPoint\",\"urlTemplate\":\"https:\\\/\\\/humanoid.guide\\\/fr\\\/?s={search_term_string}\"},\"query-input\":{\"@type\":\"PropertyValueSpecification\",\"valueRequired\":true,\"valueName\":\"search_term_string\"}}],\"inLanguage\":\"fr-FR\"},{\"@type\":\"Organization\",\"@id\":\"https:\\\/\\\/humanoid.guide\\\/fr\\\/#organization\",\"name\":\"Humanoid.guide\",\"url\":\"https:\\\/\\\/humanoid.guide\\\/fr\\\/\",\"logo\":{\"@type\":\"ImageObject\",\"inLanguage\":\"fr-FR\",\"@id\":\"https:\\\/\\\/humanoid.guide\\\/fr\\\/#\\\/schema\\\/logo\\\/image\\\/\",\"url\":\"https:\\\/\\\/humanoid.guide\\\/wp-content\\\/uploads\\\/2024\\\/08\\\/humanoid_guide_logo.png\",\"contentUrl\":\"https:\\\/\\\/humanoid.guide\\\/wp-content\\\/uploads\\\/2024\\\/08\\\/humanoid_guide_logo.png\",\"width\":813,\"height\":192,\"caption\":\"Humanoid.guide\"},\"image\":{\"@id\":\"https:\\\/\\\/humanoid.guide\\\/fr\\\/#\\\/schema\\\/logo\\\/image\\\/\"},\"sameAs\":[\"https:\\\/\\\/x.com\\\/Humanoidguide\",\"https:\\\/\\\/www.linkedin.com\\\/company\\\/humanoidguide\",\"https:\\\/\\\/www.instagram.com\\\/humanoid.guide\"]}]}<\/script>\n<!-- \/ Yoast SEO plugin. -->","yoast_head_json":{"title":"GO-2 (Genie Operator-2) - Vue d'ensemble du mod\u00e8le d'IA incarn\u00e9e - Humanoid.guide.","description":"Explorez GO-2, un mod\u00e8le de base d'IA incarn\u00e9e combinant le raisonnement par l'action et l'ex\u00e9cution dans le monde r\u00e9el avec une intelligence et une stabilit\u00e9 robotiques avanc\u00e9es.","robots":{"index":"index","follow":"follow","max-snippet":"max-snippet:-1","max-image-preview":"max-image-preview:large","max-video-preview":"max-video-preview:-1"},"canonical":"https:\/\/humanoid.guide\/fr\/produit\/operateur-genie-2\/","og_locale":"fr_FR","og_type":"article","og_title":"GO-2 (Genie Operator-2) - Vue d'ensemble du mod\u00e8le d'IA incarn\u00e9e - Humanoid.guide.","og_description":"Explorez GO-2, un mod\u00e8le de base d'IA incarn\u00e9e combinant le raisonnement par l'action et l'ex\u00e9cution dans le monde r\u00e9el avec une intelligence et une stabilit\u00e9 robotiques avanc\u00e9es.","og_url":"https:\/\/humanoid.guide\/fr\/produit\/operateur-genie-2\/","og_site_name":"Humanoid.guide","article_modified_time":"2026-04-09T19:29:54+00:00","og_image":[{"width":1500,"height":1500,"url":"https:\/\/humanoid.guide\/wp-content\/uploads\/2026\/04\/AgiBot-GO-2-Genie-Operator-2-Foundation-Model-Humanoid-Guide.webp","type":"image\/webp"}],"twitter_card":"summary_large_image","twitter_site":"@Humanoidguide","twitter_misc":{"Dur\u00e9e de lecture estim\u00e9e":"1 minute"},"schema":{"@context":"https:\/\/schema.org","@graph":[{"@type":"WebPage","@id":"https:\/\/humanoid.guide\/fr\/produit\/operateur-genie-2\/","url":"https:\/\/humanoid.guide\/fr\/produit\/operateur-genie-2\/","name":"GO-2 (Genie Operator-2) - Vue d'ensemble du mod\u00e8le d'IA incarn\u00e9e - Humanoid.guide.","isPartOf":{"@id":"https:\/\/humanoid.guide\/fr\/#website"},"primaryImageOfPage":{"@id":"https:\/\/humanoid.guide\/fr\/produit\/operateur-genie-2\/#primaryimage"},"image":{"@id":"https:\/\/humanoid.guide\/fr\/produit\/operateur-genie-2\/#primaryimage"},"thumbnailUrl":"https:\/\/humanoid.guide\/wp-content\/uploads\/2026\/04\/AgiBot-GO-2-Genie-Operator-2-Foundation-Model-Humanoid-Guide.webp","datePublished":"2026-04-09T15:56:24+00:00","dateModified":"2026-04-09T19:29:54+00:00","description":"Explorez GO-2, un mod\u00e8le de base d'IA incarn\u00e9e combinant le raisonnement par l'action et l'ex\u00e9cution dans le monde r\u00e9el avec une intelligence et une stabilit\u00e9 robotiques avanc\u00e9es.","breadcrumb":{"@id":"https:\/\/humanoid.guide\/fr\/produit\/operateur-genie-2\/#breadcrumb"},"inLanguage":"fr-FR","potentialAction":[{"@type":"ReadAction","target":["https:\/\/humanoid.guide\/fr\/produit\/operateur-genie-2\/"]}]},{"@type":"ImageObject","inLanguage":"fr-FR","@id":"https:\/\/humanoid.guide\/fr\/produit\/operateur-genie-2\/#primaryimage","url":"https:\/\/humanoid.guide\/wp-content\/uploads\/2026\/04\/AgiBot-GO-2-Genie-Operator-2-Foundation-Model-Humanoid-Guide.webp","contentUrl":"https:\/\/humanoid.guide\/wp-content\/uploads\/2026\/04\/AgiBot-GO-2-Genie-Operator-2-Foundation-Model-Humanoid-Guide.webp","width":1500,"height":1500,"caption":"AgiBot GO-2 (Genie Operator-2) Foundation Model - Humanoid Guide"},{"@type":"BreadcrumbList","@id":"https:\/\/humanoid.guide\/fr\/produit\/operateur-genie-2\/#breadcrumb","itemListElement":[{"@type":"ListItem","position":1,"name":"Home","item":"https:\/\/humanoid.guide\/fr\/"},{"@type":"ListItem","position":2,"name":"Boutique","item":"https:\/\/humanoid.guide\/fr\/boutique\/"},{"@type":"ListItem","position":3,"name":"Op\u00e9rateur Genie-2"}]},{"@type":"WebSite","@id":"https:\/\/humanoid.guide\/fr\/#website","url":"https:\/\/humanoid.guide\/fr\/","name":"Humanoid.guide","description":"The ultimate resource for humanoid robotics","publisher":{"@id":"https:\/\/humanoid.guide\/fr\/#organization"},"potentialAction":[{"@type":"SearchAction","target":{"@type":"EntryPoint","urlTemplate":"https:\/\/humanoid.guide\/fr\/?s={search_term_string}"},"query-input":{"@type":"PropertyValueSpecification","valueRequired":true,"valueName":"search_term_string"}}],"inLanguage":"fr-FR"},{"@type":"Organization","@id":"https:\/\/humanoid.guide\/fr\/#organization","name":"Humanoid.guide","url":"https:\/\/humanoid.guide\/fr\/","logo":{"@type":"ImageObject","inLanguage":"fr-FR","@id":"https:\/\/humanoid.guide\/fr\/#\/schema\/logo\/image\/","url":"https:\/\/humanoid.guide\/wp-content\/uploads\/2024\/08\/humanoid_guide_logo.png","contentUrl":"https:\/\/humanoid.guide\/wp-content\/uploads\/2024\/08\/humanoid_guide_logo.png","width":813,"height":192,"caption":"Humanoid.guide"},"image":{"@id":"https:\/\/humanoid.guide\/fr\/#\/schema\/logo\/image\/"},"sameAs":["https:\/\/x.com\/Humanoidguide","https:\/\/www.linkedin.com\/company\/humanoidguide","https:\/\/www.instagram.com\/humanoid.guide"]}]}},"yoast_seo":{"title":"GO-2 (Genie Operator-2) - Vue d'ensemble du mod\u00e8le d'IA incarn\u00e9e %%sep%% %%sitename%%.","metadesc":"Explorez GO-2, un mod\u00e8le de base d'IA incarn\u00e9e combinant le raisonnement par l'action et l'ex\u00e9cution dans le monde r\u00e9el avec une intelligence et une stabilit\u00e9 robotiques avanc\u00e9es.","focuskw":"GO-2"},"taxonomy_info":{"product_cat":[{"value":2576,"label":"Cerveaux"}]},"featured_image_src_large":["https:\/\/humanoid.guide\/wp-content\/uploads\/2026\/04\/AgiBot-GO-2-Genie-Operator-2-Foundation-Model-Humanoid-Guide-1024x1024.webp",1024,1024,true],"author_info":{"display_name":"mykyta rybitva","author_link":"https:\/\/humanoid.guide\/fr\/author\/mykyta\/"},"comment_info":"","jetpack_sharing_enabled":true,"_links":{"self":[{"href":"https:\/\/humanoid.guide\/fr\/wp-json\/wp\/v2\/product\/10045","targetHints":{"allow":["GET"]}}],"collection":[{"href":"https:\/\/humanoid.guide\/fr\/wp-json\/wp\/v2\/product"}],"about":[{"href":"https:\/\/humanoid.guide\/fr\/wp-json\/wp\/v2\/types\/product"}],"author":[{"embeddable":true,"href":"https:\/\/humanoid.guide\/fr\/wp-json\/wp\/v2\/users\/18"}],"wp:featuredmedia":[{"embeddable":true,"href":"https:\/\/humanoid.guide\/fr\/wp-json\/wp\/v2\/media\/10049"}],"wp:attachment":[{"href":"https:\/\/humanoid.guide\/fr\/wp-json\/wp\/v2\/media?parent=10045"}],"wp:term":[{"taxonomy":"product_brand","embeddable":true,"href":"https:\/\/humanoid.guide\/fr\/wp-json\/wp\/v2\/product_brand?post=10045"},{"taxonomy":"product_cat","embeddable":true,"href":"https:\/\/humanoid.guide\/fr\/wp-json\/wp\/v2\/product_cat?post=10045"},{"taxonomy":"product_tag","embeddable":true,"href":"https:\/\/humanoid.guide\/fr\/wp-json\/wp\/v2\/product_tag?post=10045"}],"curies":[{"name":"wp","href":"https:\/\/api.w.org\/{rel}","templated":true}]}}