{"id":10047,"date":"2026-04-09T15:56:24","date_gmt":"2026-04-09T15:56:24","guid":{"rendered":"https:\/\/humanoid.guide\/product\/genie-operator-2\/"},"modified":"2026-04-09T19:30:16","modified_gmt":"2026-04-09T19:30:16","slug":"genie-operator-2","status":"publish","type":"product","link":"https:\/\/humanoid.guide\/de\/produkt\/genie-operator-2\/","title":{"rendered":"Genie Operator-2"},"content":{"rendered":"<p class=\"p1\">Der Schwerpunkt von AgiBot GO-2 liegt auf der Verbindung von High-Level-\u00dcberlegungen mit der Ausf\u00fchrung in der realen Welt. Es plant nicht nur Aktionen, sondern sorgt auch daf\u00fcr, dass diese Aktionen in dynamischen Umgebungen zuverl\u00e4ssig funktionieren. Damit \u00fcberbr\u00fcckt es die Kluft zwischen &#8222;Denken&#8220; und &#8222;Tun&#8220; in der Robotik. Es f\u00fchrt einen Aktionskettenansatz ein, der dem System hilft, Aufgaben in klare, ausf\u00fchrbare Schritte zu unterteilen. Daher k\u00f6nnen Roboter komplexere und strukturiertere T\u00e4tigkeiten ausf\u00fchren.<\/p>\n<p class=\"p1\">Au\u00dferdem legt AgiBot GO-2 nicht nur Wert auf Intelligenz, sondern auch auf Stabilit\u00e4t bei der Ausf\u00fchrung. Es verwendet ein asynchrones Zweisystemdesign, um das Denken von der Steuerung zu trennen. Daher kann er sich schnell anpassen und gleichzeitig ein reibungsloses und sicheres Verhalten beibehalten. Dar\u00fcber hinaus unterst\u00fctzt das Modell lange Sequenzen von Aktionen, ohne dass der Kontext verloren geht. Das macht es f\u00fcr reale Szenarien geeignet, in denen Aufgaben selten perfekten Bedingungen folgen.<\/p>\n<p>Kontakt  <a href=\"https:\/\/humanoid.guide\/contact-us\/\">Humanoid.guide<\/a><\/p>\n<p>Website: <a href=\"https:\/\/www.agibot.com\/article\/231\/detail\/56.html\" target=\"_blank\" rel=\"noopener\">https:\/\/www.agibot.com\/article\/231\/detail\/56.html<\/a><\/p>\n<div class=\"video-container\"><iframe src=\"https:\/\/www.youtube.com\/embed\/3RBShRfGINI?si=9SWyN6UDlgdSRDrg\" frameborder=\"0\" allowfullscreen=\"allowfullscreen\"><span data-mce-type=\"bookmark\" style=\"display: inline-block; width: 0px; overflow: hidden; line-height: 0;\" class=\"mce_SELRES_start\"><\/span><br \/>\n<\/iframe><\/div>\n<p>&nbsp;<\/p>\n","protected":false},"excerpt":{"rendered":"<p><img loading=\"lazy\" decoding=\"async\" class=\"alignnone wp-image-2427 size-full\" src=\"https:\/\/humanoid.guide\/wp-content\/uploads\/2026\/03\/AgiBot-logo-humanoid-guide.webp\" alt=\"AgiBot logo humanoid guide\" width=\"300\" height=\"90\"><\/p>\n<p class=\"p1\">GO-2 ist ein verk\u00f6rpertes KI-Grundlagenmodell, das Handlungs\u00fcberlegungen mit stabiler Ausf\u00fchrung in der realen Welt kombiniert.<\/p>\n","protected":false},"author":18,"featured_media":10053,"template":"","meta":{"_acf_changed":false,"_kad_blocks_custom_css":"","_kad_blocks_head_custom_js":"","_kad_blocks_body_custom_js":"","_kad_blocks_footer_custom_js":"","_kad_post_transparent":"","_kad_post_title":"","_kad_post_layout":"","_kad_post_sidebar_id":"","_kad_post_content_style":"","_kad_post_vertical_padding":"","_kad_post_feature":"","_kad_post_feature_position":"","_kad_post_header":false,"_kad_post_footer":false,"_kad_post_classname":""},"product_brand":[],"product_cat":[2588],"product_tag":[],"class_list":{"0":"post-10047","1":"product","2":"type-product","3":"status-publish","4":"has-post-thumbnail","6":"product_cat-gehirne","8":"first","9":"onbackorder","10":"taxable","11":"shipping-taxable","12":"purchasable","13":"product-type-simple","14":"entry","15":"content-bg","16":"loop-entry"},"acf":[],"yoast_head":"<!-- This site is optimized with the Yoast SEO plugin v27.3 - https:\/\/yoast.com\/product\/yoast-seo-wordpress\/ -->\n<title>GO-2 (Genie Operator-2) - \u00dcbersicht \u00fcber das verk\u00f6rperte KI-Modell - Humanoid.guide<\/title>\n<meta name=\"description\" content=\"Entdecken Sie GO-2, ein KI-Grundlagenmodell, das Handlungs\u00fcberlegungen und reale Ausf\u00fchrung mit fortschrittlicher Roboterintelligenz und Stabilit\u00e4t kombiniert.\" \/>\n<meta name=\"robots\" content=\"index, follow, max-snippet:-1, max-image-preview:large, max-video-preview:-1\" \/>\n<link rel=\"canonical\" href=\"https:\/\/humanoid.guide\/de\/produkt\/genie-operator-2\/\" \/>\n<meta property=\"og:locale\" content=\"de_DE\" \/>\n<meta property=\"og:type\" content=\"article\" \/>\n<meta property=\"og:title\" content=\"GO-2 (Genie Operator-2) - \u00dcbersicht \u00fcber das verk\u00f6rperte KI-Modell - Humanoid.guide\" \/>\n<meta property=\"og:description\" content=\"Entdecken Sie GO-2, ein KI-Grundlagenmodell, das Handlungs\u00fcberlegungen und reale Ausf\u00fchrung mit fortschrittlicher Roboterintelligenz und Stabilit\u00e4t kombiniert.\" \/>\n<meta property=\"og:url\" content=\"https:\/\/humanoid.guide\/de\/produkt\/genie-operator-2\/\" \/>\n<meta property=\"og:site_name\" content=\"Humanoid.guide\" \/>\n<meta property=\"article:modified_time\" content=\"2026-04-09T19:30:16+00:00\" \/>\n<meta property=\"og:image\" content=\"https:\/\/humanoid.guide\/wp-content\/uploads\/2026\/04\/AgiBot-GO-2-Genie-Operator-2-Foundation-Model-Humanoid-Guide.webp\" \/>\n\t<meta property=\"og:image:width\" content=\"1500\" \/>\n\t<meta property=\"og:image:height\" content=\"1500\" \/>\n\t<meta property=\"og:image:type\" content=\"image\/webp\" \/>\n<meta name=\"twitter:card\" content=\"summary_large_image\" \/>\n<meta name=\"twitter:site\" content=\"@Humanoidguide\" \/>\n<meta name=\"twitter:label1\" content=\"Gesch\u00e4tzte Lesezeit\" \/>\n\t<meta name=\"twitter:data1\" content=\"1\u00a0Minute\" \/>\n<script type=\"application\/ld+json\" class=\"yoast-schema-graph\">{\"@context\":\"https:\\\/\\\/schema.org\",\"@graph\":[{\"@type\":\"WebPage\",\"@id\":\"https:\\\/\\\/humanoid.guide\\\/de\\\/produkt\\\/genie-operator-2\\\/\",\"url\":\"https:\\\/\\\/humanoid.guide\\\/de\\\/produkt\\\/genie-operator-2\\\/\",\"name\":\"GO-2 (Genie Operator-2) - \u00dcbersicht \u00fcber das verk\u00f6rperte KI-Modell - Humanoid.guide\",\"isPartOf\":{\"@id\":\"https:\\\/\\\/humanoid.guide\\\/de\\\/#website\"},\"primaryImageOfPage\":{\"@id\":\"https:\\\/\\\/humanoid.guide\\\/de\\\/produkt\\\/genie-operator-2\\\/#primaryimage\"},\"image\":{\"@id\":\"https:\\\/\\\/humanoid.guide\\\/de\\\/produkt\\\/genie-operator-2\\\/#primaryimage\"},\"thumbnailUrl\":\"https:\\\/\\\/humanoid.guide\\\/wp-content\\\/uploads\\\/2026\\\/04\\\/AgiBot-GO-2-Genie-Operator-2-Foundation-Model-Humanoid-Guide.webp\",\"datePublished\":\"2026-04-09T15:56:24+00:00\",\"dateModified\":\"2026-04-09T19:30:16+00:00\",\"description\":\"Entdecken Sie GO-2, ein KI-Grundlagenmodell, das Handlungs\u00fcberlegungen und reale Ausf\u00fchrung mit fortschrittlicher Roboterintelligenz und Stabilit\u00e4t kombiniert.\",\"breadcrumb\":{\"@id\":\"https:\\\/\\\/humanoid.guide\\\/de\\\/produkt\\\/genie-operator-2\\\/#breadcrumb\"},\"inLanguage\":\"de\",\"potentialAction\":[{\"@type\":\"ReadAction\",\"target\":[\"https:\\\/\\\/humanoid.guide\\\/de\\\/produkt\\\/genie-operator-2\\\/\"]}]},{\"@type\":\"ImageObject\",\"inLanguage\":\"de\",\"@id\":\"https:\\\/\\\/humanoid.guide\\\/de\\\/produkt\\\/genie-operator-2\\\/#primaryimage\",\"url\":\"https:\\\/\\\/humanoid.guide\\\/wp-content\\\/uploads\\\/2026\\\/04\\\/AgiBot-GO-2-Genie-Operator-2-Foundation-Model-Humanoid-Guide.webp\",\"contentUrl\":\"https:\\\/\\\/humanoid.guide\\\/wp-content\\\/uploads\\\/2026\\\/04\\\/AgiBot-GO-2-Genie-Operator-2-Foundation-Model-Humanoid-Guide.webp\",\"width\":1500,\"height\":1500,\"caption\":\"AgiBot GO-2 (Genie Operator-2) Grundmodell - Humanoide Anleitung\"},{\"@type\":\"BreadcrumbList\",\"@id\":\"https:\\\/\\\/humanoid.guide\\\/de\\\/produkt\\\/genie-operator-2\\\/#breadcrumb\",\"itemListElement\":[{\"@type\":\"ListItem\",\"position\":1,\"name\":\"Home\",\"item\":\"https:\\\/\\\/humanoid.guide\\\/de\\\/\"},{\"@type\":\"ListItem\",\"position\":2,\"name\":\"Shop\",\"item\":\"https:\\\/\\\/humanoid.guide\\\/de\\\/shop\\\/\"},{\"@type\":\"ListItem\",\"position\":3,\"name\":\"Genie Operator-2\"}]},{\"@type\":\"WebSite\",\"@id\":\"https:\\\/\\\/humanoid.guide\\\/de\\\/#website\",\"url\":\"https:\\\/\\\/humanoid.guide\\\/de\\\/\",\"name\":\"Humanoid.guide\",\"description\":\"The ultimate resource for humanoid robotics\",\"publisher\":{\"@id\":\"https:\\\/\\\/humanoid.guide\\\/de\\\/#organization\"},\"potentialAction\":[{\"@type\":\"SearchAction\",\"target\":{\"@type\":\"EntryPoint\",\"urlTemplate\":\"https:\\\/\\\/humanoid.guide\\\/de\\\/?s={search_term_string}\"},\"query-input\":{\"@type\":\"PropertyValueSpecification\",\"valueRequired\":true,\"valueName\":\"search_term_string\"}}],\"inLanguage\":\"de\"},{\"@type\":\"Organization\",\"@id\":\"https:\\\/\\\/humanoid.guide\\\/de\\\/#organization\",\"name\":\"Humanoid.guide\",\"url\":\"https:\\\/\\\/humanoid.guide\\\/de\\\/\",\"logo\":{\"@type\":\"ImageObject\",\"inLanguage\":\"de\",\"@id\":\"https:\\\/\\\/humanoid.guide\\\/de\\\/#\\\/schema\\\/logo\\\/image\\\/\",\"url\":\"https:\\\/\\\/humanoid.guide\\\/wp-content\\\/uploads\\\/2024\\\/08\\\/humanoid_guide_logo.png\",\"contentUrl\":\"https:\\\/\\\/humanoid.guide\\\/wp-content\\\/uploads\\\/2024\\\/08\\\/humanoid_guide_logo.png\",\"width\":813,\"height\":192,\"caption\":\"Humanoid.guide\"},\"image\":{\"@id\":\"https:\\\/\\\/humanoid.guide\\\/de\\\/#\\\/schema\\\/logo\\\/image\\\/\"},\"sameAs\":[\"https:\\\/\\\/x.com\\\/Humanoidguide\",\"https:\\\/\\\/www.linkedin.com\\\/company\\\/humanoidguide\",\"https:\\\/\\\/www.instagram.com\\\/humanoid.guide\"]}]}<\/script>\n<!-- \/ Yoast SEO plugin. -->","yoast_head_json":{"title":"GO-2 (Genie Operator-2) - \u00dcbersicht \u00fcber das verk\u00f6rperte KI-Modell - Humanoid.guide","description":"Entdecken Sie GO-2, ein KI-Grundlagenmodell, das Handlungs\u00fcberlegungen und reale Ausf\u00fchrung mit fortschrittlicher Roboterintelligenz und Stabilit\u00e4t kombiniert.","robots":{"index":"index","follow":"follow","max-snippet":"max-snippet:-1","max-image-preview":"max-image-preview:large","max-video-preview":"max-video-preview:-1"},"canonical":"https:\/\/humanoid.guide\/de\/produkt\/genie-operator-2\/","og_locale":"de_DE","og_type":"article","og_title":"GO-2 (Genie Operator-2) - \u00dcbersicht \u00fcber das verk\u00f6rperte KI-Modell - Humanoid.guide","og_description":"Entdecken Sie GO-2, ein KI-Grundlagenmodell, das Handlungs\u00fcberlegungen und reale Ausf\u00fchrung mit fortschrittlicher Roboterintelligenz und Stabilit\u00e4t kombiniert.","og_url":"https:\/\/humanoid.guide\/de\/produkt\/genie-operator-2\/","og_site_name":"Humanoid.guide","article_modified_time":"2026-04-09T19:30:16+00:00","og_image":[{"width":1500,"height":1500,"url":"https:\/\/humanoid.guide\/wp-content\/uploads\/2026\/04\/AgiBot-GO-2-Genie-Operator-2-Foundation-Model-Humanoid-Guide.webp","type":"image\/webp"}],"twitter_card":"summary_large_image","twitter_site":"@Humanoidguide","twitter_misc":{"Gesch\u00e4tzte Lesezeit":"1\u00a0Minute"},"schema":{"@context":"https:\/\/schema.org","@graph":[{"@type":"WebPage","@id":"https:\/\/humanoid.guide\/de\/produkt\/genie-operator-2\/","url":"https:\/\/humanoid.guide\/de\/produkt\/genie-operator-2\/","name":"GO-2 (Genie Operator-2) - \u00dcbersicht \u00fcber das verk\u00f6rperte KI-Modell - Humanoid.guide","isPartOf":{"@id":"https:\/\/humanoid.guide\/de\/#website"},"primaryImageOfPage":{"@id":"https:\/\/humanoid.guide\/de\/produkt\/genie-operator-2\/#primaryimage"},"image":{"@id":"https:\/\/humanoid.guide\/de\/produkt\/genie-operator-2\/#primaryimage"},"thumbnailUrl":"https:\/\/humanoid.guide\/wp-content\/uploads\/2026\/04\/AgiBot-GO-2-Genie-Operator-2-Foundation-Model-Humanoid-Guide.webp","datePublished":"2026-04-09T15:56:24+00:00","dateModified":"2026-04-09T19:30:16+00:00","description":"Entdecken Sie GO-2, ein KI-Grundlagenmodell, das Handlungs\u00fcberlegungen und reale Ausf\u00fchrung mit fortschrittlicher Roboterintelligenz und Stabilit\u00e4t kombiniert.","breadcrumb":{"@id":"https:\/\/humanoid.guide\/de\/produkt\/genie-operator-2\/#breadcrumb"},"inLanguage":"de","potentialAction":[{"@type":"ReadAction","target":["https:\/\/humanoid.guide\/de\/produkt\/genie-operator-2\/"]}]},{"@type":"ImageObject","inLanguage":"de","@id":"https:\/\/humanoid.guide\/de\/produkt\/genie-operator-2\/#primaryimage","url":"https:\/\/humanoid.guide\/wp-content\/uploads\/2026\/04\/AgiBot-GO-2-Genie-Operator-2-Foundation-Model-Humanoid-Guide.webp","contentUrl":"https:\/\/humanoid.guide\/wp-content\/uploads\/2026\/04\/AgiBot-GO-2-Genie-Operator-2-Foundation-Model-Humanoid-Guide.webp","width":1500,"height":1500,"caption":"AgiBot GO-2 (Genie Operator-2) Grundmodell - Humanoide Anleitung"},{"@type":"BreadcrumbList","@id":"https:\/\/humanoid.guide\/de\/produkt\/genie-operator-2\/#breadcrumb","itemListElement":[{"@type":"ListItem","position":1,"name":"Home","item":"https:\/\/humanoid.guide\/de\/"},{"@type":"ListItem","position":2,"name":"Shop","item":"https:\/\/humanoid.guide\/de\/shop\/"},{"@type":"ListItem","position":3,"name":"Genie Operator-2"}]},{"@type":"WebSite","@id":"https:\/\/humanoid.guide\/de\/#website","url":"https:\/\/humanoid.guide\/de\/","name":"Humanoid.guide","description":"The ultimate resource for humanoid robotics","publisher":{"@id":"https:\/\/humanoid.guide\/de\/#organization"},"potentialAction":[{"@type":"SearchAction","target":{"@type":"EntryPoint","urlTemplate":"https:\/\/humanoid.guide\/de\/?s={search_term_string}"},"query-input":{"@type":"PropertyValueSpecification","valueRequired":true,"valueName":"search_term_string"}}],"inLanguage":"de"},{"@type":"Organization","@id":"https:\/\/humanoid.guide\/de\/#organization","name":"Humanoid.guide","url":"https:\/\/humanoid.guide\/de\/","logo":{"@type":"ImageObject","inLanguage":"de","@id":"https:\/\/humanoid.guide\/de\/#\/schema\/logo\/image\/","url":"https:\/\/humanoid.guide\/wp-content\/uploads\/2024\/08\/humanoid_guide_logo.png","contentUrl":"https:\/\/humanoid.guide\/wp-content\/uploads\/2024\/08\/humanoid_guide_logo.png","width":813,"height":192,"caption":"Humanoid.guide"},"image":{"@id":"https:\/\/humanoid.guide\/de\/#\/schema\/logo\/image\/"},"sameAs":["https:\/\/x.com\/Humanoidguide","https:\/\/www.linkedin.com\/company\/humanoidguide","https:\/\/www.instagram.com\/humanoid.guide"]}]}},"yoast_seo":{"title":"GO-2 (Genie Operator-2) - \u00dcbersicht \u00fcber das verk\u00f6rperte KI-Modell %%sep%% %%sitename%%","metadesc":"Entdecken Sie GO-2, ein KI-Grundlagenmodell, das Handlungs\u00fcberlegungen und reale Ausf\u00fchrung mit fortschrittlicher Roboterintelligenz und Stabilit\u00e4t kombiniert.","focuskw":"GO-2"},"taxonomy_info":{"product_cat":[{"value":2588,"label":"Gehirne"}]},"featured_image_src_large":["https:\/\/humanoid.guide\/wp-content\/uploads\/2026\/04\/AgiBot-GO-2-Genie-Operator-2-Foundation-Model-Humanoid-Guide-1024x1024.webp",1024,1024,true],"author_info":{"display_name":"mykyta rybitva","author_link":"https:\/\/humanoid.guide\/de\/author\/mykyta\/"},"comment_info":"","jetpack_sharing_enabled":true,"_links":{"self":[{"href":"https:\/\/humanoid.guide\/de\/wp-json\/wp\/v2\/product\/10047","targetHints":{"allow":["GET"]}}],"collection":[{"href":"https:\/\/humanoid.guide\/de\/wp-json\/wp\/v2\/product"}],"about":[{"href":"https:\/\/humanoid.guide\/de\/wp-json\/wp\/v2\/types\/product"}],"author":[{"embeddable":true,"href":"https:\/\/humanoid.guide\/de\/wp-json\/wp\/v2\/users\/18"}],"wp:featuredmedia":[{"embeddable":true,"href":"https:\/\/humanoid.guide\/de\/wp-json\/wp\/v2\/media\/10053"}],"wp:attachment":[{"href":"https:\/\/humanoid.guide\/de\/wp-json\/wp\/v2\/media?parent=10047"}],"wp:term":[{"taxonomy":"product_brand","embeddable":true,"href":"https:\/\/humanoid.guide\/de\/wp-json\/wp\/v2\/product_brand?post=10047"},{"taxonomy":"product_cat","embeddable":true,"href":"https:\/\/humanoid.guide\/de\/wp-json\/wp\/v2\/product_cat?post=10047"},{"taxonomy":"product_tag","embeddable":true,"href":"https:\/\/humanoid.guide\/de\/wp-json\/wp\/v2\/product_tag?post=10047"}],"curies":[{"name":"wp","href":"https:\/\/api.w.org\/{rel}","templated":true}]}}